{"id":3937,"date":"2020-06-10T23:11:08","date_gmt":"2020-06-10T21:11:08","guid":{"rendered":"https:\/\/tioobjects.com\/politica-de-privacidad\/"},"modified":"2023-09-05T11:37:36","modified_gmt":"2023-09-05T09:37:36","slug":"politica-de-privacidad","status":"publish","type":"page","link":"https:\/\/tioobjects.com\/es\/politica-de-privacidad\/","title":{"rendered":"Pol\u00edtica de privacidad"},"content":{"rendered":"<p>[et_pb_section fb_built=\u00bb1&#8243; _builder_version=\u00bb4.9.4&#8243; _module_preset=\u00bbdefault\u00bb min_height=\u00bb100vh\u00bb custom_margin=\u00bb0px||||false|false\u00bb custom_padding=\u00bb0px||||false|false\u00bb da_disable_devices=\u00bboff|off|off\u00bb da_is_popup=\u00bboff\u00bb da_exit_intent=\u00bboff\u00bb da_has_close=\u00bbon\u00bb da_alt_close=\u00bboff\u00bb da_dark_close=\u00bboff\u00bb da_not_modal=\u00bbon\u00bb da_is_singular=\u00bboff\u00bb da_with_loader=\u00bboff\u00bb da_has_shadow=\u00bbon\u00bb][et_pb_row custom_padding_last_edited=\u00bbon|phone\u00bb admin_label=\u00bbHeader_Cookies_Policy\u00bb _builder_version=\u00bb4.9.4&#8243; _module_preset=\u00bbdefault\u00bb positioning=\u00bbnone\u00bb position_origin_a=\u00bbcenter_center\u00bb position_origin_f=\u00bbcenter_center\u00bb position_origin_a_tablet=\u00bb\u00bb position_origin_a_phone=\u00bb\u00bb position_origin_a_last_edited=\u00bbon|desktop\u00bb position_origin_f_tablet=\u00bb\u00bb position_origin_f_phone=\u00bb\u00bb position_origin_f_last_edited=\u00bbon|desktop\u00bb position_origin_r_tablet=\u00bb\u00bb position_origin_r_phone=\u00bb\u00bb position_origin_r_last_edited=\u00bbon|desktop\u00bb width=\u00bb100%\u00bb max_width=\u00bb100%\u00bb custom_margin=\u00bb0px|0px|0px|0px|true|true\u00bb custom_padding=\u00bb200px||0px||false|false\u00bb custom_padding_tablet=\u00bb200px|0px|0px|0px|false|true\u00bb custom_padding_phone=\u00bb100px|0px|0px|0px|false|true\u00bb positioning_tablet=\u00bbnone\u00bb positioning_phone=\u00bb\u00bb positioning_last_edited=\u00bbon|tablet\u00bb][et_pb_column type=\u00bb4_4&#8243; _builder_version=\u00bb4.8.2&#8243; _module_preset=\u00bbdefault\u00bb][et_pb_divider divider_position=\u00bbcenter\u00bb _builder_version=\u00bb4.8.2&#8243; _module_preset=\u00bbdefault\u00bb module_alignment=\u00bbcenter\u00bb custom_margin=\u00bb0px|0px|0px|0px|true|true\u00bb custom_padding=\u00bb0px|0px|0px|0px|true|true\u00bb][\/et_pb_divider][et_pb_text admin_label=\u00bbTitulo_Privacy_Policy\u00bb _builder_version=\u00bb4.9.4&#8243; _module_preset=\u00bbdefault\u00bb header_text_color=\u00bb#D6D7D8&#8243; header_font_size=\u00bb50px\u00bb width=\u00bb100%\u00bb max_width=\u00bb1500px\u00bb module_alignment=\u00bbcenter\u00bb custom_margin=\u00bb0.5vw||0.25vw||false|false\u00bb custom_margin_tablet=\u00bb0.6vw||0.2vw||false|false\u00bb custom_margin_phone=\u00bb1.5vw||0vw||false|false\u00bb custom_margin_last_edited=\u00bbon|phone\u00bb custom_padding=\u00bb0px|40px|0px|40px|true|true\u00bb custom_padding_tablet=\u00bb\u00bb custom_padding_phone=\u00bb|20px||20px|true|true\u00bb custom_padding_last_edited=\u00bbon|desktop\u00bb hover_enabled=\u00bb0&#8243; text_font_size_tablet=\u00bb12px\u00bb text_font_size_phone=\u00bb\u00bb text_font_size_last_edited=\u00bbon|desktop\u00bb header_font_size_tablet=\u00bb45px\u00bb header_font_size_phone=\u00bb40px\u00bb header_font_size_last_edited=\u00bbon|phone\u00bb header_text_color__hover_enabled=\u00bbon|hover\u00bb header_text_color__hover=\u00bb#000000&#8243; sticky_enabled=\u00bb0&#8243;]<\/p>\n<h1>Pol\u00edtica de privacidad<\/h1>\n<p>[\/et_pb_text][et_pb_divider divider_position=\u00bbcenter\u00bb _builder_version=\u00bb4.8.2&#8243; _module_preset=\u00bbdefault\u00bb module_alignment=\u00bbcenter\u00bb custom_margin=\u00bb0px|0px|0px|0px|true|true\u00bb custom_padding=\u00bb0px|0px|0px|0px|true|true\u00bb][\/et_pb_divider][\/et_pb_column][\/et_pb_row][et_pb_row custom_padding_last_edited=\u00bbon|phone\u00bb admin_label=\u00bbCokies_Policy\u00bb _builder_version=\u00bb4.9.4&#8243; _module_preset=\u00bbdefault\u00bb positioning=\u00bbnone\u00bb position_origin_a=\u00bbcenter_center\u00bb position_origin_f=\u00bbcenter_center\u00bb position_origin_a_tablet=\u00bb\u00bb position_origin_a_phone=\u00bb\u00bb position_origin_a_last_edited=\u00bbon|desktop\u00bb position_origin_f_tablet=\u00bb\u00bb position_origin_f_phone=\u00bb\u00bb position_origin_f_last_edited=\u00bbon|desktop\u00bb position_origin_r_tablet=\u00bb\u00bb position_origin_r_phone=\u00bb\u00bb position_origin_r_last_edited=\u00bbon|desktop\u00bb width=\u00bb100%\u00bb module_alignment=\u00bbcenter\u00bb custom_margin=\u00bb0px|0px|0px|0px|true|true\u00bb custom_padding=\u00bb50px||50px||false|false\u00bb custom_padding_tablet=\u00bb50px|0px|50px|0px|false|true\u00bb custom_padding_phone=\u00bb50px|0px|50px|0px|false|true\u00bb hover_enabled=\u00bb0&#8243; positioning_tablet=\u00bbnone\u00bb positioning_phone=\u00bb\u00bb positioning_last_edited=\u00bbon|tablet\u00bb max_width=\u00bb1500px\u00bb sticky_enabled=\u00bb0&#8243;][et_pb_column type=\u00bb4_4&#8243; _builder_version=\u00bb4.8.2&#8243; _module_preset=\u00bbdefault\u00bb][et_pb_text _builder_version=\u00bb4.9.4&#8243; _module_preset=\u00bbdefault\u00bb max_width_tablet=\u00bb\u00bb max_width_phone=\u00bb\u00bb max_width_last_edited=\u00bbon|desktop\u00bb custom_padding=\u00bb0px|40px|0px|40px|false|false\u00bb custom_padding_tablet=\u00bb|40px||40px|false|false\u00bb custom_padding_phone=\u00bb0px|20px|0px|20px|false|false\u00bb custom_padding_last_edited=\u00bbon|phone\u00bb]<\/p>\n<p><strong>Who we are<\/strong><\/p><p>La direcci\u00f3n de nuestro sitio web es: http:\/\/tioobjects.com.<\/p><p><strong>What personal data we collect and why we collect it<\/strong><\/p><h5 class=\"wp-block-heading\">Comentarios<\/h5><p>Cuando los visitantes dejan comentarios en el sitio, recogemos los datos que aparecen en el formulario de comentarios, as\u00ed como la direcci\u00f3n IP del visitante y la cadena de agentes de usuario del navegador para ayudar a la detecci\u00f3n de spam.<\/p><p>Una cadena anonimizada creada a partir de tu direcci\u00f3n de correo electr\u00f3nico (tambi\u00e9n llamada hash) puede ser proporcionada al servicio Gravatar para saber si la est\u00e1s utilizando. La pol\u00edtica de privacidad del servicio Gravatar est\u00e1 disponible aqu\u00ed: https:\/\/automattic.com\/privacy\/. Tras la aprobaci\u00f3n de tu comentario, tu foto de perfil ser\u00e1 visible para el p\u00fablico en el contexto de tu comentario.<\/p><h5 class=\"wp-block-heading\">Medios de comunicaci\u00f3n<\/h5><p>Si subes im\u00e1genes al sitio web, debes evitar subir im\u00e1genes con datos de ubicaci\u00f3n incrustados (EXIF GPS) incluidos. Los visitantes del sitio web pueden descargar y extraer cualquier dato de localizaci\u00f3n de las im\u00e1genes del sitio web.<\/p><h5 class=\"wp-block-heading\">Formularios de contacto<\/h5><p> Los datos de los Usuarios que se recogen a trav\u00e9s de los formularios de registro, son recabados por tioobjects con la finalidad de mejorar la comunicaci\u00f3n con los Usuarios del Sitio Web interesados en contratar los servicios de tioobjects.<\/p><h5 class=\"wp-block-heading\">Cookies<\/h5><p>Si deja un comentario en nuestro sitio, puede optar por guardar su nombre, direcci\u00f3n de correo electr\u00f3nico y sitio web en cookies. Son para su comodidad, para que no tenga que volver a rellenar sus datos cuando deje otro comentario. Estas cookies durar\u00e1n un a\u00f1o.<\/p><p>Si visita nuestra p\u00e1gina de inicio de sesi\u00f3n, instalaremos una cookie temporal para determinar si su navegador acepta cookies. Esta cookie no contiene datos personales y se descarta al cerrar el navegador.<\/p><p>Cuando inicie sesi\u00f3n, tambi\u00e9n instalaremos varias cookies para guardar su informaci\u00f3n de inicio de sesi\u00f3n y sus opciones de visualizaci\u00f3n en pantalla. Las cookies de inicio de sesi\u00f3n duran dos d\u00edas, y las de opciones de pantalla, un a\u00f1o. Si selecciona \u00abRecordarme\u00bb, su inicio de sesi\u00f3n persistir\u00e1 durante dos semanas. Si cierra la sesi\u00f3n de su cuenta, se eliminar\u00e1n las cookies de inicio de sesi\u00f3n.<\/p><p>Si edita o publica un art\u00edculo, se guardar\u00e1 una cookie adicional en su navegador. Esta cookie no incluye datos personales y simplemente indica el ID del art\u00edculo que acaba de editar. Caduca al cabo de 1 d\u00eda.<\/p><h5 class=\"wp-block-heading\">Contenido incrustado de otros sitios web<\/h5><p>Los art\u00edculos de este sitio pueden incluir contenido incrustado (por ejemplo, v\u00eddeos, im\u00e1genes, art\u00edculos, etc.). El contenido incrustado de otros sitios web se comporta exactamente igual que si el visitante hubiera visitado el otro sitio web.<\/p><p>Estos sitios web pueden recopilar datos sobre usted, utilizar cookies, incrustar seguimiento adicional de terceros y supervisar su interacci\u00f3n con ese contenido incrustado, incluido el seguimiento de su interacci\u00f3n con el contenido incrustado si tiene una cuenta y ha iniciado sesi\u00f3n en ese sitio web.<\/p><h5 class=\"wp-block-heading\">Datos de an\u00e1lisis<\/h5><p> Le informamos que consiente el tratamiento de sus datos para la creaci\u00f3n de perfiles, as\u00ed como para la segmentaci\u00f3n de sus datos. Dichos tratamientos podr\u00e1n tener como finalidad el an\u00e1lisis y realizaci\u00f3n de estad\u00edsticas para conocer el tr\u00e1fico y uso del Sitio Web por parte de los Usuarios, as\u00ed como la determinaci\u00f3n de sus gustos y preferencias para el env\u00edo de informaci\u00f3n promocional acorde a sus intereses.<\/p><p><strong>Who we share your data with<\/strong><\/p><p> Asimismo, le informamos que sus datos personales de contacto ser\u00e1n incorporados a un fichero automatizado y utilizados para remitirle Newsletters y comunicaciones comerciales y promocionales relacionadas con los servicios de tioobjects por carta, tel\u00e9fono, correo electr\u00f3nico, SMS\/MMS, o por otros medios de comunicaci\u00f3n. comunicaci\u00f3n electr\u00f3nica equivalente y ello al amparo de lo dispuesto en la Ley Org\u00e1nica 15\/1999, de 13 de diciembre, de Protecci\u00f3n de Datos de Car\u00e1cter Personal (en adelante, LOPD), la Ley 34\/2002, de 11 de julio, de Servicios de la Sociedad de la Informaci\u00f3n y de Comercio Electr\u00f3nico y la Ley 9\/2014, de 9 de mayo, de Telecomunicaciones.\n\nAsimismo, el Usuario acepta que terceras empresas puedan remitirle por carta, tel\u00e9fono, correo electr\u00f3nico, SMS\/MMS, o por otros medios de comunicaci\u00f3n electr\u00f3nica equivalentes, publicidad y ofertas comerciales y de servicios relacionados con los siguientes sectores:\n\nTelecomunicaciones: Productos y servicios de telecomunicaciones y tecnolog\u00eda. Correos y paqueter\u00eda: Para conocer el estado de su pedido o posibles formas de contacto con la propia empresa. Le informamos que, en el caso de que haya consentido recibir dicha informaci\u00f3n, podr\u00e1 oponerse en cualquier momento a que sus datos sean tratados con esta finalidad, as\u00ed como solicitar m\u00e1s informaci\u00f3n sobre el tratamiento y cesi\u00f3n de sus datos personales, mediante el env\u00edo de un correo electr\u00f3nico a la siguiente direcci\u00f3n tioobjects@tioobjects.com utilizando los medios espec\u00edficos que se reconocen en las comunicaciones comerciales.\n<\/p>\n\n\n\n\n<p><strong>How long we retain your data<\/strong><\/p><p>Si deja un comentario, el comentario y sus metadatos se conservan indefinidamente. As\u00ed podremos reconocer y aprobar autom\u00e1ticamente los comentarios de seguimiento en lugar de retenerlos en una cola de moderaci\u00f3n.<\/p><p>En el caso de los usuarios que se registran en nuestro sitio web (si los hay), tambi\u00e9n almacenamos la informaci\u00f3n personal que nos facilitan en su perfil de usuario. Todos los usuarios pueden ver, editar o borrar su informaci\u00f3n personal en cualquier momento (excepto que no pueden cambiar su nombre de usuario). Los administradores del sitio web tambi\u00e9n pueden ver y editar esa informaci\u00f3n.<\/p><p><strong>What rights you have over your data<\/strong><\/p><p>Si tiene una cuenta en este sitio o ha dejado comentarios, puede solicitar recibir un archivo exportado de los datos personales que tenemos sobre usted, incluidos los que nos haya facilitado. Tambi\u00e9n puede solicitar que borremos cualquier dato personal que tengamos sobre usted. Esto no incluye ning\u00fan dato que estemos obligados a conservar con fines administrativos, legales o de seguridad.<\/p><p><strong>Where we send your data<\/strong><\/p><p>Los comentarios de los visitantes pueden ser controlados por un servicio automatizado de detecci\u00f3n de spam.<\/p><p><strong>Your contact information<\/strong><\/p><h5 class=\"wp-block-heading\"> Car\u00e1cter obligatorio o facultativo de la informaci\u00f3n facilitada por el usuario y veracidad de los datos <\/h5><p> El Usuario garantiza que los datos personales facilitados son veraces y se hace responsable de comunicar a Tioobjects cualquier modificaci\u00f3n de los mismos. El Usuario responder\u00e1, en cualquier caso, de la veracidad de los datos facilitados, reserv\u00e1ndose Tioobjects, el derecho a excluir de los servicios registrados a todo Usuario que haya facilitado datos falsos, sin perjuicio de las dem\u00e1s acciones que procedan en Derecho. Se recomienda tener la m\u00e1xima diligencia en materia de Protecci\u00f3n de Datos mediante el uso de herramientas de seguridad, no pudiendo responsabilizar a Tioobjects de sustracciones, modificaciones o p\u00e9rdidas de datos il\u00edcitas. <\/p><p><strong>Additional information<\/strong><\/p>\n\n<h5 class=\"wp-block-heading\">\u00bfC\u00f3mo protegemos sus datos?<\/h5><p>tioobjects mantiene los niveles de seguridad de protecci\u00f3n de datos personales conforme a lo establecido en la LOPD y en el Real Decreto 1720\/2007, de 21 de diciembre, por el que se aprueba el Reglamento de desarrollo de la LOPD que contiene datos de car\u00e1cter personal y ha establecido todos los medios t\u00e9cnicos a su alcance para evitar la p\u00e9rdida, mal uso, alteraci\u00f3n, acceso no autorizado y robo de los datos que el Usuario facilite a trav\u00e9s del Sitio Web, sin perjuicio de informarle de que las medidas de seguridad en Internet no son inexpugnables. tioobjects se compromete a cumplir con el deber de secreto y confidencialidad respecto de los datos personales contenidos en el fichero automatizado de acuerdo con la legislaci\u00f3n aplicable, as\u00ed como a conferirles un tratamiento seguro en las cesiones que, en su caso, puedan producirse.<\/p><h5 class=\"wp-block-heading\">Derechos de acceso, rectificaci\u00f3n, cancelaci\u00f3n y oposici\u00f3n<\/h5><p>Podr\u00e1 dirigir sus comunicaciones y ejercitar los derechos de acceso, rectificaci\u00f3n, cancelaci\u00f3n y oposici\u00f3n en la direcci\u00f3n de correo electr\u00f3nico tioobjects@tioobjects.com. Para ejercer estos derechos es necesario que usted acredite su personalidad mediante el env\u00edo de fotocopia de su Documento Nacional de Identidad o cualquier otro medio v\u00e1lido en Derecho.<\/p><p>[\/et_pb_text][\/et_pb_column][\/et_pb_row][\/et_pb_section]<\/p>\n","protected":false},"excerpt":{"rendered":"<p>Pol\u00edtica de privacidad Who we areLa direcci\u00f3n de nuestro sitio web es: http:\/\/tioobjects.com.What personal data we collect and why we collect itComentariosCuando los visitantes dejan comentarios en el sitio, recogemos los datos que aparecen en el formulario de comentarios, as\u00ed como la direcci\u00f3n IP del visitante y la cadena de agentes de usuario del navegador para ayudar a la detecci\u00f3n de spam.Una cadena anonimizada creada a partir de tu direcci\u00f3n de correo electr\u00f3nico (tambi\u00e9n llamada hash) puede ser proporcionada al servicio Gravatar para saber si la est\u00e1s utilizando. La pol\u00edtica de privacidad del servicio Gravatar est\u00e1 disponible aqu\u00ed: https:\/\/automattic.com\/privacy\/. Tras la aprobaci\u00f3n de tu comentario, tu foto de perfil ser\u00e1 visible para el p\u00fablico en el contexto de tu comentario.Medios de comunicaci\u00f3nSi subes im\u00e1genes al sitio web, debes evitar subir im\u00e1genes con datos de ubicaci\u00f3n incrustados (EXIF GPS) incluidos. Los visitantes del sitio web pueden descargar y extraer cualquier dato de localizaci\u00f3n de las im\u00e1genes del sitio web.Formularios de contacto Los datos de los Usuarios que se recogen a trav\u00e9s de los formularios de registro, son recabados por tioobjects con la finalidad de mejorar la comunicaci\u00f3n con los Usuarios del Sitio Web interesados en contratar los servicios de tioobjects.CookiesSi deja [&hellip;]<\/p>\n","protected":false},"author":1,"featured_media":0,"parent":0,"menu_order":0,"comment_status":"closed","ping_status":"open","template":"","meta":{"_et_pb_use_builder":"on","_et_pb_old_content":"","_et_gb_content_width":"","footnotes":""},"dipi_cpt_category":[],"class_list":["post-3937","page","type-page","status-publish","hentry"],"_links":{"self":[{"href":"https:\/\/tioobjects.com\/es\/wp-json\/wp\/v2\/pages\/3937","targetHints":{"allow":["GET"]}}],"collection":[{"href":"https:\/\/tioobjects.com\/es\/wp-json\/wp\/v2\/pages"}],"about":[{"href":"https:\/\/tioobjects.com\/es\/wp-json\/wp\/v2\/types\/page"}],"author":[{"embeddable":true,"href":"https:\/\/tioobjects.com\/es\/wp-json\/wp\/v2\/users\/1"}],"replies":[{"embeddable":true,"href":"https:\/\/tioobjects.com\/es\/wp-json\/wp\/v2\/comments?post=3937"}],"version-history":[{"count":1,"href":"https:\/\/tioobjects.com\/es\/wp-json\/wp\/v2\/pages\/3937\/revisions"}],"predecessor-version":[{"id":3938,"href":"https:\/\/tioobjects.com\/es\/wp-json\/wp\/v2\/pages\/3937\/revisions\/3938"}],"wp:attachment":[{"href":"https:\/\/tioobjects.com\/es\/wp-json\/wp\/v2\/media?parent=3937"}],"wp:term":[{"taxonomy":"dipi_cpt_category","embeddable":true,"href":"https:\/\/tioobjects.com\/es\/wp-json\/wp\/v2\/dipi_cpt_category?post=3937"}],"curies":[{"name":"wp","href":"https:\/\/api.w.org\/{rel}","templated":true}]}}